{"id":953,"date":"2020-10-05T15:14:30","date_gmt":"2020-10-05T13:14:30","guid":{"rendered":"http:\/\/odihmvmainz.dyn.ddnss.de\/?page_id=953"},"modified":"2020-11-05T08:23:44","modified_gmt":"2020-11-05T07:23:44","slug":"die-zeit-ist-unser-partner","status":"publish","type":"page","link":"https:\/\/denkmal2020.pax.de\/index.php\/stele-4\/die-zeit-ist-unser-partner\/","title":{"rendered":"Die Zeit ist unser Partner"},"content":{"rendered":"\n<figure class=\"wp-block-image size-full\"><a href=\"\/index.php\/stele-4\/\"><img loading=\"lazy\" width=\"1900\" height=\"1200\" src=\"http:\/\/odihmvmainz.dyn.ddnss.de\/wp-content\/uploads\/2020\/10\/HT01.jpg\" alt=\"\" class=\"wp-image-949\" srcset=\"https:\/\/denkmal2020.pax.de\/wp-content\/uploads\/2020\/10\/HT01.jpg 1900w, https:\/\/denkmal2020.pax.de\/wp-content\/uploads\/2020\/10\/HT01-1024x647.jpg 1024w, https:\/\/denkmal2020.pax.de\/wp-content\/uploads\/2020\/10\/HT01-768x485.jpg 768w, https:\/\/denkmal2020.pax.de\/wp-content\/uploads\/2020\/10\/HT01-1536x970.jpg 1536w, https:\/\/denkmal2020.pax.de\/wp-content\/uploads\/2020\/10\/HT01-602x380.jpg 602w, https:\/\/denkmal2020.pax.de\/wp-content\/uploads\/2020\/10\/HT01-800x505.jpg 800w, https:\/\/denkmal2020.pax.de\/wp-content\/uploads\/2020\/10\/HT01-285x180.jpg 285w\" sizes=\"(max-width: 1900px) 100vw, 1900px\" \/><\/a><\/figure>\n\n\n\n<p>Die sch\u00f6nsten Zeitreisen beginnen f\u00fcr uns direkt an der Haust\u00fcr. Denn T\u00fcren sind seit Jahrhunderten der kr\u00f6nende Abschluss eines jeden Bauwerks. Jedes Detail gibt Aufschluss \u00fcber die Einstellung, das Kunsthandwerk und die technischen Errungenschaften der jeweiligen Epoche. Umso wichtiger ist es, diese Zeitzeugen zu erhalten und sie als das zu sehen, was sie sind: k\u00fcnstlerische Unikate, die jedem, der sich mit ihnen besch\u00e4ftigt, zeitlose Werte wie Zuverl\u00e4ssigkeit, Best\u00e4ndigkeit und Sicherheit vermitteln.<\/p>\n\n\n\n<div class=\"wp-block-image\"><figure class=\"alignright size-large\"><a href=\"\/index.php\/stele-4\/\"><img src=\"\/wp-content\/uploads\/2020\/09\/zurueck.svg\" alt=\" alt=\" class=\"wp-image-662\"\/><\/a><\/figure><\/div>\n\n\n\n<p><\/p>\n","protected":false},"excerpt":{"rendered":"<p>Die sch\u00f6nsten Zeitreisen beginnen f\u00fcr uns direkt an der Haust\u00fcr. Denn T\u00fcren sind seit Jahrhunderten der kr\u00f6nende Abschluss eines jeden Bauwerks. Jedes Detail gibt Aufschluss \u00fcber die Einstellung, das Kunsthandwerk und die technischen Errungenschaften der jeweiligen Epoche. Umso wichtiger ist es, diese Zeitzeugen zu erhalten und sie als das zu sehen, was sie sind: k\u00fcnstlerische\u2026 <a class=\"excerpt-dot\" href=\"https:\/\/denkmal2020.pax.de\/index.php\/stele-4\/die-zeit-ist-unser-partner\/\" title=\"Die Zeit ist unser Partner\"><svg xmlns=\"http:\/\/www.w3.org\/2000\/svg\" version=\"1.1\" x=\"0\" y=\"0\" width=\"30.2\" height=\"14.2\" viewBox=\"0 0 30.2 14.2\" enable-background=\"new 0 0 30.167 14.168\" xml:space=\"preserve\"><path d=\"M0.1 7.1c0-0.4 0.4-0.8 0.8-0.8h26.5l-5-4.9c-0.3-0.3-0.3-0.8 0-1.1 0.3-0.3 0.8-0.3 1.1 0l6.3 6.2c0.3 0.3 0.3 0.8 0 1.1l-6.3 6.2c-0.2 0.2-0.4 0.2-0.6 0.2 -0.2 0-0.4-0.1-0.6-0.2 -0.3-0.3-0.3-0.8 0-1.1l4.9-4.8H0.9C0.5 7.9 0.1 7.6 0.1 7.1z\"\/><\/svg><\/a><\/p>\n","protected":false},"author":1,"featured_media":0,"parent":943,"menu_order":0,"comment_status":"closed","ping_status":"closed","template":"","meta":[],"_links":{"self":[{"href":"https:\/\/denkmal2020.pax.de\/index.php\/wp-json\/wp\/v2\/pages\/953"}],"collection":[{"href":"https:\/\/denkmal2020.pax.de\/index.php\/wp-json\/wp\/v2\/pages"}],"about":[{"href":"https:\/\/denkmal2020.pax.de\/index.php\/wp-json\/wp\/v2\/types\/page"}],"author":[{"embeddable":true,"href":"https:\/\/denkmal2020.pax.de\/index.php\/wp-json\/wp\/v2\/users\/1"}],"replies":[{"embeddable":true,"href":"https:\/\/denkmal2020.pax.de\/index.php\/wp-json\/wp\/v2\/comments?post=953"}],"version-history":[{"count":10,"href":"https:\/\/denkmal2020.pax.de\/index.php\/wp-json\/wp\/v2\/pages\/953\/revisions"}],"predecessor-version":[{"id":1144,"href":"https:\/\/denkmal2020.pax.de\/index.php\/wp-json\/wp\/v2\/pages\/953\/revisions\/1144"}],"up":[{"embeddable":true,"href":"https:\/\/denkmal2020.pax.de\/index.php\/wp-json\/wp\/v2\/pages\/943"}],"wp:attachment":[{"href":"https:\/\/denkmal2020.pax.de\/index.php\/wp-json\/wp\/v2\/media?parent=953"}],"curies":[{"name":"wp","href":"https:\/\/api.w.org\/{rel}","templated":true}]}}